{"id":7,"date":"2020-02-06T12:49:29","date_gmt":"2020-02-06T11:49:29","guid":{"rendered":"http:\/\/www.farmshop24.com\/?page_id=7"},"modified":"2022-06-07T11:44:17","modified_gmt":"2022-06-07T09:44:17","slug":"willkommen-auf-gut-kappel","status":"publish","type":"page","link":"https:\/\/gutkappel.de\/","title":{"rendered":"Willkommen auf Gut Kappel!"},"content":{"rendered":"\n<figure class=\"wp-block-image size-large\"><img loading=\"lazy\" decoding=\"async\" width=\"1024\" height=\"768\" src=\"https:\/\/gutkappel.de\/wp-content\/uploads\/2022\/06\/20220505_Familie-Huebner_Gut-Kappel_web.jpg\" alt=\"\" class=\"wp-image-378\" srcset=\"https:\/\/gutkappel.de\/wp-content\/uploads\/2022\/06\/20220505_Familie-Huebner_Gut-Kappel_web.jpg 1024w, https:\/\/gutkappel.de\/wp-content\/uploads\/2022\/06\/20220505_Familie-Huebner_Gut-Kappel_web-300x225.jpg 300w, https:\/\/gutkappel.de\/wp-content\/uploads\/2022\/06\/20220505_Familie-Huebner_Gut-Kappel_web-768x576.jpg 768w, https:\/\/gutkappel.de\/wp-content\/uploads\/2022\/06\/20220505_Familie-Huebner_Gut-Kappel_web-520x390.jpg 520w\" sizes=\"auto, (max-width: 1024px) 100vw, 1024px\" \/><\/figure>\n\n\n\n<figure class=\"wp-block-image size-large\"><img loading=\"lazy\" decoding=\"async\" width=\"1024\" height=\"1024\" src=\"https:\/\/gutkappel.de\/wp-content\/uploads\/2022\/03\/Gut_Kappel-1024x1024.png\" alt=\"\" class=\"wp-image-374\" srcset=\"https:\/\/gutkappel.de\/wp-content\/uploads\/2022\/03\/Gut_Kappel-1024x1024.png 1024w, https:\/\/gutkappel.de\/wp-content\/uploads\/2022\/03\/Gut_Kappel-300x300.png 300w, https:\/\/gutkappel.de\/wp-content\/uploads\/2022\/03\/Gut_Kappel-150x150.png 150w, https:\/\/gutkappel.de\/wp-content\/uploads\/2022\/03\/Gut_Kappel-768x768.png 768w, https:\/\/gutkappel.de\/wp-content\/uploads\/2022\/03\/Gut_Kappel-160x160.png 160w, https:\/\/gutkappel.de\/wp-content\/uploads\/2022\/03\/Gut_Kappel-320x320.png 320w, https:\/\/gutkappel.de\/wp-content\/uploads\/2022\/03\/Gut_Kappel-520x520.png 520w, https:\/\/gutkappel.de\/wp-content\/uploads\/2022\/03\/Gut_Kappel.png 1417w\" sizes=\"auto, (max-width: 1024px) 100vw, 1024px\" \/><\/figure>\n\n\n\n<p><strong>Gut Kappel &#8211; Demeter Biobetrieb<\/strong><\/p>\n\n\n\n<p>Biodynamische Landwirtschaft ist ein ganzheitlicher Betriebsorganismus: H\u00fchner, Ackervielfalt, artenreiches Gr\u00fcnland, Harzer Rotvieh und Auerochse zusammen mit Pferd und Esel auf weitl\u00e4ufigen Fl\u00e4chen. <\/p>\n\n\n\n<p>Gut Kappel ist ein Hofgut mit bewegter Geschichte bis hin zu den Kelten. Hier wird Artenvielfalt praktisch gelebt und gef\u00f6rdert. Mensch, Tier, Pflanze und Boden bilden den Hoforganismus. Die biodynamische Praxis erschafft eine Kultur der Vielfalt f\u00fcr eine gesunde Zukunftsentwicklung.<\/p>\n\n\n\n<p>Seit Anfang 2021 f\u00fchrt Familie H\u00fcbner den Demeter-Betrieb Gut Kappel und entwickelt, saniert, baut und gestaltet eine neue Zukunft. Auch die Ausbildung der n\u00e4chsten Generation und der Internationale Austausch sind ins Hofleben integriert.<\/p>\n\n\n\n<div class=\"wp-block-columns is-layout-flex wp-container-core-columns-is-layout-9d6595d7 wp-block-columns-is-layout-flex\">\n<div class=\"wp-block-column is-layout-flow wp-block-column-is-layout-flow\"><\/div>\n\n\n\n<div class=\"wp-block-column is-layout-flow wp-block-column-is-layout-flow\"><\/div>\n<\/div>\n\n\n\n<div class=\"wp-block-image\"><figure class=\"aligncenter size-large\"><img loading=\"lazy\" decoding=\"async\" width=\"640\" height=\"729\" src=\"https:\/\/gutkappel.de\/wp-content\/uploads\/2022\/06\/IMG_7950-1.jpeg\" alt=\"\" class=\"wp-image-389\" srcset=\"https:\/\/gutkappel.de\/wp-content\/uploads\/2022\/06\/IMG_7950-1.jpeg 640w, https:\/\/gutkappel.de\/wp-content\/uploads\/2022\/06\/IMG_7950-1-263x300.jpeg 263w, https:\/\/gutkappel.de\/wp-content\/uploads\/2022\/06\/IMG_7950-1-520x592.jpeg 520w\" sizes=\"auto, (max-width: 640px) 100vw, 640px\" \/><\/figure><\/div>\n\n\n\n<p>Im Juli 2018 wurde Bernd H\u00fcbner Mitgesellschafter der Gut Kappel GbR und im Januar 2021 zog sich Johannes Rodewyk dann aus der aktiven Landwirtschaft auf Gut Kappel zur\u00fcck und engagiert sich fortan mit seinem Bioladen &#8222;Hannes Bio &amp; Genuss&#8220; in der Vermarktung von Bioprodukten. Im Rahmen eines erfolgreichen Generationswechsels erwarb Bernd H\u00fcbner mit seiner Familie Gut Kappel und f\u00fchrt ab Januar 2021 den Betrieb als Einzelunternehmer.<\/p>\n\n\n\n<p>Anfang der achtziger Jahre wurde Gut Kappel von der Familie Selzer\/Rodewyk nach und nach auf nachhaltigen biologischen Landbau und artgerechte Tierhaltung umgestellt. Fast 20 Jahre lang als NATURLAND &#8211; Mitglied. Spezialisiert auf Bio-Gefl\u00fcgelhaltung und extensive Mutterkuhhaltung. Bioeier, frisches Schlachtgefl\u00fcgel und Bio-Fleischspezialit\u00e4ten aus unserer extensiven Mutterkuhhaltung erfreuten sich damals schon gro\u00dfer Beliebtheit.<\/p>\n\n\n\n<p>Im April 2014 erfolgte dann die Umstellung von Gut Kappel auf biodynamische Landwirtschaft nach den DEMETER-Richtlinien und damit auf die erh\u00f6hten DEMETER Anforderungen im Ackerbau und in der Tierhaltung. Von nun an wurden auch die biodynamischen Pr\u00e4parate f\u00fcr ein aktives Bodenleben und ganzheitliche Pflanzengesundheit angewendet. <\/p>\n\n\n\n<p>Die Demeter-Produkte von Gut Kappel verkaufen wir im Bioladen HANNES Bio &amp; Genuss, Bahnhofstra\u00dfe 36 &#8211; Bad Arolsen, im REWE Bad Arolsen, sowie im Bio-Gro\u00dfhandel.<\/p>\n\n\n\n<p>Gerne zeigen wir Ihnen unsere\nTierhaltung und erl\u00e4utern Ihnen unsere Arbeitsweise. Bitte haben Sie\nVerst\u00e4ndnis daf\u00fcr, dass wir Hofbesichtigungen nur mit Voranmeldung und gegen\neine kleine Geb\u00fchr durchf\u00fchren k\u00f6nnen.<\/p>\n","protected":false},"excerpt":{"rendered":"<p>Gut Kappel &#8211; Demeter Biobetrieb Biodynamische Landwirtschaft ist ein ganzheitlicher Betriebsorganismus: H\u00fchner, Ackervielfalt, artenreiches Gr\u00fcnland, Harzer Rotvieh und Auerochse zusammen mit Pferd und Esel auf weitl\u00e4ufigen Fl\u00e4chen. Gut Kappel ist ein Hofgut mit bewegter&#46;&#46;&#46;<\/p>\n","protected":false},"author":1,"featured_media":0,"parent":0,"menu_order":0,"comment_status":"closed","ping_status":"closed","template":"","meta":{"footnotes":""},"class_list":["post-7","page","type-page","status-publish","hentry"],"_links":{"self":[{"href":"https:\/\/gutkappel.de\/index.php?rest_route=\/wp\/v2\/pages\/7","targetHints":{"allow":["GET"]}}],"collection":[{"href":"https:\/\/gutkappel.de\/index.php?rest_route=\/wp\/v2\/pages"}],"about":[{"href":"https:\/\/gutkappel.de\/index.php?rest_route=\/wp\/v2\/types\/page"}],"author":[{"embeddable":true,"href":"https:\/\/gutkappel.de\/index.php?rest_route=\/wp\/v2\/users\/1"}],"replies":[{"embeddable":true,"href":"https:\/\/gutkappel.de\/index.php?rest_route=%2Fwp%2Fv2%2Fcomments&post=7"}],"version-history":[{"count":10,"href":"https:\/\/gutkappel.de\/index.php?rest_route=\/wp\/v2\/pages\/7\/revisions"}],"predecessor-version":[{"id":404,"href":"https:\/\/gutkappel.de\/index.php?rest_route=\/wp\/v2\/pages\/7\/revisions\/404"}],"wp:attachment":[{"href":"https:\/\/gutkappel.de\/index.php?rest_route=%2Fwp%2Fv2%2Fmedia&parent=7"}],"curies":[{"name":"wp","href":"https:\/\/api.w.org\/{rel}","templated":true}]}}