{"id":18,"date":"2020-02-06T13:21:01","date_gmt":"2020-02-06T12:21:01","guid":{"rendered":"http:\/\/www.farmshop24.com\/?page_id=18"},"modified":"2022-06-07T12:34:31","modified_gmt":"2022-06-07T10:34:31","slug":"produkte","status":"publish","type":"page","link":"https:\/\/gutkappel.de\/?page_id=18","title":{"rendered":"Produkte"},"content":{"rendered":"\n<p>Die folgenden Produkte stammen direkt\nvon&nbsp;unserem Bio-Betrieb Gut Kappel. S\u00e4mtliche Produkte sind nach strengen\nDEMETER-Richtlinien erzeugt und nat\u00fcrlich auch nach der EU-Bio-Verordnung\nzertifiziert:<\/p>\n\n\n\n<p><img loading=\"lazy\" decoding=\"async\" width=\"150\" height=\"69\" class=\"wp-image-366\" style=\"width: 150px;\" src=\"https:\/\/gutkappel.de\/wp-content\/uploads\/2022\/02\/demeter.jpg\" alt=\"\" srcset=\"https:\/\/gutkappel.de\/wp-content\/uploads\/2022\/02\/demeter.jpg 825w, https:\/\/gutkappel.de\/wp-content\/uploads\/2022\/02\/demeter-300x138.jpg 300w, https:\/\/gutkappel.de\/wp-content\/uploads\/2022\/02\/demeter-768x353.jpg 768w, https:\/\/gutkappel.de\/wp-content\/uploads\/2022\/02\/demeter-980x450.jpg 980w, https:\/\/gutkappel.de\/wp-content\/uploads\/2022\/02\/demeter-520x239.jpg 520w\" sizes=\"auto, (max-width: 150px) 100vw, 150px\" \/>      <img loading=\"lazy\" decoding=\"async\" width=\"150\" height=\"138\" class=\"wp-image-365\" style=\"width: 150px;\" src=\"https:\/\/gutkappel.de\/wp-content\/uploads\/2022\/02\/Bruderhahn-Logo-Gut-Kappel.jpg\" alt=\"\" srcset=\"https:\/\/gutkappel.de\/wp-content\/uploads\/2022\/02\/Bruderhahn-Logo-Gut-Kappel.jpg 2500w, https:\/\/gutkappel.de\/wp-content\/uploads\/2022\/02\/Bruderhahn-Logo-Gut-Kappel-300x276.jpg 300w, https:\/\/gutkappel.de\/wp-content\/uploads\/2022\/02\/Bruderhahn-Logo-Gut-Kappel-1024x942.jpg 1024w, https:\/\/gutkappel.de\/wp-content\/uploads\/2022\/02\/Bruderhahn-Logo-Gut-Kappel-768x706.jpg 768w, https:\/\/gutkappel.de\/wp-content\/uploads\/2022\/02\/Bruderhahn-Logo-Gut-Kappel-1536x1413.jpg 1536w, https:\/\/gutkappel.de\/wp-content\/uploads\/2022\/02\/Bruderhahn-Logo-Gut-Kappel-2048x1883.jpg 2048w, https:\/\/gutkappel.de\/wp-content\/uploads\/2022\/02\/Bruderhahn-Logo-Gut-Kappel-520x478.jpg 520w\" sizes=\"auto, (max-width: 150px) 100vw, 150px\" \/>      <img loading=\"lazy\" decoding=\"async\" width=\"150\" height=\"136\" class=\"wp-image-361\" style=\"width: 150px;\" src=\"https:\/\/gutkappel.de\/wp-content\/uploads\/2021\/02\/bernd-und-silvia.jpg\" alt=\"\" srcset=\"https:\/\/gutkappel.de\/wp-content\/uploads\/2021\/02\/bernd-und-silvia.jpg 766w, https:\/\/gutkappel.de\/wp-content\/uploads\/2021\/02\/bernd-und-silvia-300x273.jpg 300w, https:\/\/gutkappel.de\/wp-content\/uploads\/2021\/02\/bernd-und-silvia-520x473.jpg 520w\" sizes=\"auto, (max-width: 150px) 100vw, 150px\" \/>      <img loading=\"lazy\" decoding=\"async\" width=\"150\" height=\"166\" class=\"wp-image-362\" style=\"width: 150px;\" src=\"https:\/\/gutkappel.de\/wp-content\/uploads\/2021\/02\/IMG-20201016-WA0016-002.jpg\" alt=\"\" srcset=\"https:\/\/gutkappel.de\/wp-content\/uploads\/2021\/02\/IMG-20201016-WA0016-002.jpg 919w, https:\/\/gutkappel.de\/wp-content\/uploads\/2021\/02\/IMG-20201016-WA0016-002-270x300.jpg 270w, https:\/\/gutkappel.de\/wp-content\/uploads\/2021\/02\/IMG-20201016-WA0016-002-768x852.jpg 768w, https:\/\/gutkappel.de\/wp-content\/uploads\/2021\/02\/IMG-20201016-WA0016-002-520x577.jpg 520w\" sizes=\"auto, (max-width: 150px) 100vw, 150px\" \/>     <\/p>\n\n\n\n<p class=\"has-medium-font-size\"><strong>Demeter BIO-Eier<\/strong><\/p>\n\n\n\n<p>Legefrische Demeter Bio- Eier<br> in den Gr\u00f6\u00dfen XS, S, M, L, XL &amp; XXL<br> Lose und in 6er und 10er Kleinverpackungen<br> <br> Unsere Eier Print Nummern lauten:<br> 0-DE-0600051 und 0-DE-0600052<\/p>\n\n\n\n<p><\/p>\n\n\n\n<p class=\"has-medium-font-size\"><strong>Demeter BIO-Gefl\u00fcgel<br> aus eigener Aufzucht und Schlachtung<\/strong><\/p>\n\n\n\n<p>Suppenh\u00fchner (ganzj\u00e4hrig)<br>\nH\u00e4hnchen, Bruderh\u00e4hne auf Anfrage.<\/p>\n\n\n\n<p>Saisonal auf Anfrage: G\u00e4nse, Enten und Puten erh\u00e4ltlich<\/p>\n\n\n\n<p><\/p>\n\n\n\n<p class=\"has-medium-font-size\"><strong>Bio Rindfleisch<\/strong><\/p>\n\n\n\n<p>Auf Anfrage: Fleischpakete und Einzelst\u00fccke erh\u00e4ltlich<br>Steaks, Rouladen, Braten, Gehacktes<br>Suppenfleisch &amp; Suppenknochen, frisch oder gefrostet<br><\/p>\n\n\n\n<p class=\"has-medium-font-size\"><strong>BIO- Getreide<\/strong><\/p>\n\n\n\n<p>Weizen, Roggen, Dinkel (saisonal und nach Fruchtfolge)<\/p>\n\n\n\n<p><\/p>\n\n\n\n<p class=\"has-medium-font-size\"><strong>Honig vom Hof<\/strong><\/p>\n\n\n\n<p>geimkert von Imker Biederbick<\/p>\n\n\n\n<p><\/p>\n\n\n\n<p class=\"has-medium-font-size\"><strong>BIO- Obst von Gut Kappel<\/strong><\/p>\n\n\n\n<p>\u00c4pfel, Zwetschgen, verschiedene Sorten\u00a0\u00a0<\/p>\n\n\n\n<p><\/p>\n\n\n\n<p><img loading=\"lazy\" decoding=\"async\" width=\"150\" height=\"217\" class=\"wp-image-359\" style=\"width: 150px;\" src=\"https:\/\/gutkappel.de\/wp-content\/uploads\/2021\/02\/WG-Huehner.jpg\" alt=\"\" srcset=\"https:\/\/gutkappel.de\/wp-content\/uploads\/2021\/02\/WG-Huehner.jpg 786w, https:\/\/gutkappel.de\/wp-content\/uploads\/2021\/02\/WG-Huehner-207x300.jpg 207w, https:\/\/gutkappel.de\/wp-content\/uploads\/2021\/02\/WG-Huehner-707x1024.jpg 707w, https:\/\/gutkappel.de\/wp-content\/uploads\/2021\/02\/WG-Huehner-768x1113.jpg 768w, https:\/\/gutkappel.de\/wp-content\/uploads\/2021\/02\/WG-Huehner-520x754.jpg 520w\" sizes=\"auto, (max-width: 150px) 100vw, 150px\" \/>      <img loading=\"lazy\" decoding=\"async\" width=\"133\" height=\"218\" class=\"wp-image-394\" style=\"width: 133px;\" src=\"https:\/\/gutkappel.de\/wp-content\/uploads\/2022\/06\/04ee7421-cac0-49b0-9a9d-e9962ac775f1.jpg\" alt=\"\" srcset=\"https:\/\/gutkappel.de\/wp-content\/uploads\/2022\/06\/04ee7421-cac0-49b0-9a9d-e9962ac775f1.jpg 716w, https:\/\/gutkappel.de\/wp-content\/uploads\/2022\/06\/04ee7421-cac0-49b0-9a9d-e9962ac775f1-183x300.jpg 183w, https:\/\/gutkappel.de\/wp-content\/uploads\/2022\/06\/04ee7421-cac0-49b0-9a9d-e9962ac775f1-625x1024.jpg 625w, https:\/\/gutkappel.de\/wp-content\/uploads\/2022\/06\/04ee7421-cac0-49b0-9a9d-e9962ac775f1-520x852.jpg 520w\" sizes=\"auto, (max-width: 133px) 100vw, 133px\" \/>      <img loading=\"lazy\" decoding=\"async\" width=\"234\" height=\"217\" class=\"wp-image-395\" style=\"width: 234px;\" src=\"https:\/\/gutkappel.de\/wp-content\/uploads\/2022\/06\/IMG_2710.jpg\" alt=\"\" srcset=\"https:\/\/gutkappel.de\/wp-content\/uploads\/2022\/06\/IMG_2710.jpg 640w, https:\/\/gutkappel.de\/wp-content\/uploads\/2022\/06\/IMG_2710-300x278.jpg 300w, https:\/\/gutkappel.de\/wp-content\/uploads\/2022\/06\/IMG_2710-520x482.jpg 520w\" sizes=\"auto, (max-width: 234px) 100vw, 234px\" \/>      <\/p>\n","protected":false},"excerpt":{"rendered":"<p>Die folgenden Produkte stammen direkt von&nbsp;unserem Bio-Betrieb Gut Kappel. S\u00e4mtliche Produkte sind nach strengen DEMETER-Richtlinien erzeugt und nat\u00fcrlich auch nach der EU-Bio-Verordnung zertifiziert: Demeter BIO-Eier Legefrische Demeter Bio- Eier in den Gr\u00f6\u00dfen XS, S,&#46;&#46;&#46;<\/p>\n","protected":false},"author":1,"featured_media":0,"parent":0,"menu_order":0,"comment_status":"closed","ping_status":"closed","template":"","meta":{"footnotes":""},"class_list":["post-18","page","type-page","status-publish","hentry"],"_links":{"self":[{"href":"https:\/\/gutkappel.de\/index.php?rest_route=\/wp\/v2\/pages\/18","targetHints":{"allow":["GET"]}}],"collection":[{"href":"https:\/\/gutkappel.de\/index.php?rest_route=\/wp\/v2\/pages"}],"about":[{"href":"https:\/\/gutkappel.de\/index.php?rest_route=\/wp\/v2\/types\/page"}],"author":[{"embeddable":true,"href":"https:\/\/gutkappel.de\/index.php?rest_route=\/wp\/v2\/users\/1"}],"replies":[{"embeddable":true,"href":"https:\/\/gutkappel.de\/index.php?rest_route=%2Fwp%2Fv2%2Fcomments&post=18"}],"version-history":[{"count":3,"href":"https:\/\/gutkappel.de\/index.php?rest_route=\/wp\/v2\/pages\/18\/revisions"}],"predecessor-version":[{"id":397,"href":"https:\/\/gutkappel.de\/index.php?rest_route=\/wp\/v2\/pages\/18\/revisions\/397"}],"wp:attachment":[{"href":"https:\/\/gutkappel.de\/index.php?rest_route=%2Fwp%2Fv2%2Fmedia&parent=18"}],"curies":[{"name":"wp","href":"https:\/\/api.w.org\/{rel}","templated":true}]}}