{"id":16,"date":"2020-02-06T13:20:29","date_gmt":"2020-02-06T12:20:29","guid":{"rendered":"http:\/\/www.farmshop24.com\/?page_id=16"},"modified":"2020-02-06T13:20:29","modified_gmt":"2020-02-06T12:20:29","slug":"tierhaltung","status":"publish","type":"page","link":"https:\/\/gutkappel.de\/?page_id=16","title":{"rendered":"Tierhaltung"},"content":{"rendered":"\n<p>\n\n\n\n\n\n\n\n\n\n\n\n\n\n\n\n\nAls Biobetrieb f\u00fchlen wir uns\nder artgerechten Tierhaltung verpflichtet. Unser Wassergefl\u00fcgel findet auf\nunserem Wiesen, im Teich und in den B\u00e4chen, inmitten eines kleinen Tals,\nausreichend Fl\u00e4che und Raum zur freien Bewegung.<br><br>\nAuf mehreren Hektar naturbelassenen Wiesen und Weiden verteilen sich unsere\nRinder und Pferde. Hier finden sie unter zahlreichen B\u00e4umen Schutz, haben\nweitfl\u00e4chigen Auslauf und in den B\u00e4chen frisches Quellwasser.<br><br><br><\/p>\n","protected":false},"excerpt":{"rendered":"<p>Als Biobetrieb f\u00fchlen wir uns der artgerechten Tierhaltung verpflichtet. Unser Wassergefl\u00fcgel findet auf unserem Wiesen, im Teich und in den B\u00e4chen, inmitten eines kleinen Tals, ausreichend Fl\u00e4che und Raum zur freien Bewegung. Auf mehreren&#46;&#46;&#46;<\/p>\n","protected":false},"author":1,"featured_media":0,"parent":0,"menu_order":0,"comment_status":"closed","ping_status":"closed","template":"","meta":{"footnotes":""},"class_list":["post-16","page","type-page","status-publish","hentry"],"_links":{"self":[{"href":"https:\/\/gutkappel.de\/index.php?rest_route=\/wp\/v2\/pages\/16","targetHints":{"allow":["GET"]}}],"collection":[{"href":"https:\/\/gutkappel.de\/index.php?rest_route=\/wp\/v2\/pages"}],"about":[{"href":"https:\/\/gutkappel.de\/index.php?rest_route=\/wp\/v2\/types\/page"}],"author":[{"embeddable":true,"href":"https:\/\/gutkappel.de\/index.php?rest_route=\/wp\/v2\/users\/1"}],"replies":[{"embeddable":true,"href":"https:\/\/gutkappel.de\/index.php?rest_route=%2Fwp%2Fv2%2Fcomments&post=16"}],"version-history":[{"count":1,"href":"https:\/\/gutkappel.de\/index.php?rest_route=\/wp\/v2\/pages\/16\/revisions"}],"predecessor-version":[{"id":17,"href":"https:\/\/gutkappel.de\/index.php?rest_route=\/wp\/v2\/pages\/16\/revisions\/17"}],"wp:attachment":[{"href":"https:\/\/gutkappel.de\/index.php?rest_route=%2Fwp%2Fv2%2Fmedia&parent=16"}],"curies":[{"name":"wp","href":"https:\/\/api.w.org\/{rel}","templated":true}]}}